{"id":116,"date":"2025-09-08T17:09:22","date_gmt":"2025-09-08T17:09:22","guid":{"rendered":"https:\/\/www.kasvohoitola.fi\/?page_id=116"},"modified":"2026-03-12T13:03:51","modified_gmt":"2026-03-12T13:03:51","slug":"varaa-aika","status":"publish","type":"page","link":"https:\/\/www.kasvohoitola.fi\/index.php\/varaa-aika\/","title":{"rendered":"Varaa aika!"},"content":{"rendered":"\n<div class=\"wp-block-media-text is-stacked-on-mobile\" style=\"grid-template-columns:48% auto\"><figure class=\"wp-block-media-text__media\"><img loading=\"lazy\" decoding=\"async\" width=\"500\" height=\"500\" src=\"http:\/\/www.kasvohoitola.fi\/wp-content\/uploads\/2025\/09\/Kasvohoitola_.png\" alt=\"\" class=\"wp-image-125 size-full\" srcset=\"https:\/\/www.kasvohoitola.fi\/wp-content\/uploads\/2025\/09\/Kasvohoitola_.png 500w, https:\/\/www.kasvohoitola.fi\/wp-content\/uploads\/2025\/09\/Kasvohoitola_-300x300.png 300w, https:\/\/www.kasvohoitola.fi\/wp-content\/uploads\/2025\/09\/Kasvohoitola_-150x150.png 150w, https:\/\/www.kasvohoitola.fi\/wp-content\/uploads\/2025\/09\/Kasvohoitola_-100x100.png 100w\" sizes=\"auto, (max-width: 500px) 100vw, 500px\" \/><\/figure><div class=\"wp-block-media-text__content\">\n<p>Avoinna ajanvarauksella<\/p>\n\n\n\n<p>Ma-Pe 9-17<\/p>\n\n\n\n<p><\/p>\n\n\n\n<p>Voit varata aikaa viestill\u00e4 0414715029<\/p>\n\n\n\n<p>tai alla olevasta s\u00e4hk\u00f6isest\u00e4 ajanvarausj\u00e4rjestelm\u00e4st\u00e4.<\/p>\n\n\n\n<p>Tervetuloa!<\/p>\n\n\n\n<p><\/p>\n<\/div><\/div>\n\n\n\n<p><\/p>\n\n\n\n<p><\/p>\n\n\n\n<p><\/p>\n\n\n\n<p><\/p>\n\n\n\n<div class=\"booksalon-widget\" data-salon-id=\"kasvohoitola\" data-widget-height=\"auto\"><\/div>\n\n<script>\nfunction load(){\n  var script=document.createElement(\"script\");\n  script.type=\"text\/javascript\";\n  script.async=true;\n  script.src=\"https:\/\/api.booksalon.fi\/sdk.js\";\n  var x=document.getElementsByTagName(\"script\")[0];\n  x.parentNode.insertBefore(script,x)\n}\nif(window.attachEvent){\n  window.attachEvent(\"onload\",load)\n}else{\n  window.addEventListener(\"load\",load,false)\n}\n<\/script>\n\n\n\n<p><\/p>\n","protected":false},"excerpt":{"rendered":"<p>Avoinna ajanvarauksella Ma-Pe 9-17 Voit varata aikaa viestill\u00e4 0414715029 tai alla olevasta s\u00e4hk\u00f6isest\u00e4 ajanvarausj\u00e4rjestelm\u00e4st\u00e4. Tervetuloa!<\/p>\n","protected":false},"author":1,"featured_media":0,"parent":0,"menu_order":0,"comment_status":"closed","ping_status":"closed","template":"","meta":{"advanced_seo_description":"","jetpack_seo_html_title":"","jetpack_seo_noindex":false,"footnotes":""},"class_list":["post-116","page","type-page","status-publish","hentry"],"jetpack_sharing_enabled":true,"_links":{"self":[{"href":"https:\/\/www.kasvohoitola.fi\/index.php\/wp-json\/wp\/v2\/pages\/116","targetHints":{"allow":["GET"]}}],"collection":[{"href":"https:\/\/www.kasvohoitola.fi\/index.php\/wp-json\/wp\/v2\/pages"}],"about":[{"href":"https:\/\/www.kasvohoitola.fi\/index.php\/wp-json\/wp\/v2\/types\/page"}],"author":[{"embeddable":true,"href":"https:\/\/www.kasvohoitola.fi\/index.php\/wp-json\/wp\/v2\/users\/1"}],"replies":[{"embeddable":true,"href":"https:\/\/www.kasvohoitola.fi\/index.php\/wp-json\/wp\/v2\/comments?post=116"}],"version-history":[{"count":23,"href":"https:\/\/www.kasvohoitola.fi\/index.php\/wp-json\/wp\/v2\/pages\/116\/revisions"}],"predecessor-version":[{"id":535,"href":"https:\/\/www.kasvohoitola.fi\/index.php\/wp-json\/wp\/v2\/pages\/116\/revisions\/535"}],"wp:attachment":[{"href":"https:\/\/www.kasvohoitola.fi\/index.php\/wp-json\/wp\/v2\/media?parent=116"}],"curies":[{"name":"wp","href":"https:\/\/api.w.org\/{rel}","templated":true}]}}