{"id":343,"date":"2026-02-26T11:28:32","date_gmt":"2026-02-26T11:28:32","guid":{"rendered":"https:\/\/www.kasvohoitola.fi\/index.php\/kasvohoitolasta\/"},"modified":"2026-03-10T14:31:31","modified_gmt":"2026-03-10T14:31:31","slug":"kasvohoitolasta","status":"publish","type":"page","link":"https:\/\/www.kasvohoitola.fi\/index.php\/kasvohoitolasta\/","title":{"rendered":"Kasvohoitolasta"},"content":{"rendered":"\n<div class=\"wp-block-group has-mono-1-background-color has-background is-layout-flow wp-container-core-group-is-layout-ce397403 wp-block-group-is-layout-flow\" style=\"margin-top:0;margin-bottom:0;padding-top:0;padding-right:0;padding-bottom:0;padding-left:0\">\n<div class=\"wp-block-cover is-light\" style=\"padding-top:var(--wp--preset--spacing--superbspacing-xlarge);padding-right:0;padding-bottom:var(--wp--preset--spacing--superbspacing-xlarge);padding-left:0;min-height:50px;aspect-ratio:unset;\"><img loading=\"lazy\" decoding=\"async\" width=\"1024\" height=\"576\" class=\"wp-block-cover__image-background wp-image-418 size-large\" alt=\"\" src=\"http:\/\/www.kasvohoitola.fi\/wp-content\/uploads\/2026\/03\/kasvohoito_helsinki_kasvohoito_helsinki_keskusta_hemmotteluhoito_kauneushoitola_helsinki_paras_kauneushoitola_helsinki_lahjakortti_kasvohoitoon-1024x576.jpg\" data-object-fit=\"cover\" srcset=\"https:\/\/www.kasvohoitola.fi\/wp-content\/uploads\/2026\/03\/kasvohoito_helsinki_kasvohoito_helsinki_keskusta_hemmotteluhoito_kauneushoitola_helsinki_paras_kauneushoitola_helsinki_lahjakortti_kasvohoitoon-1024x576.jpg 1024w, https:\/\/www.kasvohoitola.fi\/wp-content\/uploads\/2026\/03\/kasvohoito_helsinki_kasvohoito_helsinki_keskusta_hemmotteluhoito_kauneushoitola_helsinki_paras_kauneushoitola_helsinki_lahjakortti_kasvohoitoon-300x169.jpg 300w, https:\/\/www.kasvohoitola.fi\/wp-content\/uploads\/2026\/03\/kasvohoito_helsinki_kasvohoito_helsinki_keskusta_hemmotteluhoito_kauneushoitola_helsinki_paras_kauneushoitola_helsinki_lahjakortti_kasvohoitoon-768x432.jpg 768w, https:\/\/www.kasvohoitola.fi\/wp-content\/uploads\/2026\/03\/kasvohoito_helsinki_kasvohoito_helsinki_keskusta_hemmotteluhoito_kauneushoitola_helsinki_paras_kauneushoitola_helsinki_lahjakortti_kasvohoitoon-1536x864.jpg 1536w, https:\/\/www.kasvohoitola.fi\/wp-content\/uploads\/2026\/03\/kasvohoito_helsinki_kasvohoito_helsinki_keskusta_hemmotteluhoito_kauneushoitola_helsinki_paras_kauneushoitola_helsinki_lahjakortti_kasvohoitoon-1320x743.jpg 1320w, https:\/\/www.kasvohoitola.fi\/wp-content\/uploads\/2026\/03\/kasvohoito_helsinki_kasvohoito_helsinki_keskusta_hemmotteluhoito_kauneushoitola_helsinki_paras_kauneushoitola_helsinki_lahjakortti_kasvohoitoon-600x338.jpg 600w, https:\/\/www.kasvohoitola.fi\/wp-content\/uploads\/2026\/03\/kasvohoito_helsinki_kasvohoito_helsinki_keskusta_hemmotteluhoito_kauneushoitola_helsinki_paras_kauneushoitola_helsinki_lahjakortti_kasvohoitoon.jpg 1920w\" sizes=\"auto, (max-width: 1024px) 100vw, 1024px\" \/><span aria-hidden=\"true\" class=\"wp-block-cover__background has-background-dim-40 has-background-dim\" style=\"background-color:#b09782\"><\/span><div class=\"wp-block-cover__inner-container is-layout-flow wp-block-cover-is-layout-flow\">\n<div class=\"wp-block-group has-global-padding is-layout-constrained wp-container-core-group-is-layout-27ec71c5 wp-block-group-is-layout-constrained\" style=\"padding-top:0;padding-right:var(--wp--preset--spacing--superbspacing-small);padding-bottom:0;padding-left:var(--wp--preset--spacing--superbspacing-small)\">\n<div class=\"wp-block-group has-global-padding is-content-justification-center is-layout-constrained wp-container-core-group-is-layout-32b5ec3b wp-block-group-is-layout-constrained\" style=\"margin-top:0;margin-bottom:0\">\n<h1 class=\"wp-block-heading has-text-align-center has-text-color has-superbfont-xxlarge-font-size\" style=\"color:#fdfdfd;font-style:normal;font-weight:400\">Jotta sin\u00e4 saat hetken itsellesi<\/h1>\n\n\n\n<p class=\"has-text-align-center has-text-color has-superbfont-small-font-size\" style=\"color:#fdfdfd;margin-bottom:var(--wp--preset--spacing--superbspacing-small)\">Unohda arki ja ota aikaa itsellesi. Kaikki kasvohoitomme sis\u00e4lt\u00e4v\u00e4t hemmottelevaa hierontaa. Vaivu horrokseen ja hypp\u00e4\u00e4 hetki toiseen ulottuvuuteen helliss\u00e4 hyppysiss\u00e4.<\/p>\n\n\n\n<div class=\"wp-block-buttons is-content-justification-center is-layout-flex wp-container-core-buttons-is-layout-a89b3969 wp-block-buttons-is-layout-flex\">\n<div class=\"wp-block-button is-style-outline is-style-outline--1\"><a class=\"wp-block-button__link has-contrast-light-color has-text-color has-link-color has-border-color has-contrast-light-border-color wp-element-button\" style=\"border-width:1px\">Katso aukioloajat<\/a><\/div>\n\n\n\n<div class=\"wp-block-button\"><a class=\"wp-block-button__link wp-element-button\">Sijaintimme<\/a><\/div>\n<\/div>\n<\/div>\n<\/div>\n<\/div><\/div>\n<\/div>\n\n\n\n<div class=\"wp-block-group alignfull has-mono-4-background-color has-background has-global-padding is-layout-constrained wp-container-core-group-is-layout-129f6e7c wp-block-group-is-layout-constrained\" style=\"margin-top:0;margin-bottom:0;padding-top:var(--wp--preset--spacing--superbspacing-large);padding-right:var(--wp--preset--spacing--superbspacing-small);padding-bottom:var(--wp--preset--spacing--superbspacing-large);padding-left:var(--wp--preset--spacing--superbspacing-small)\">\n<div class=\"wp-block-columns alignwide is-layout-flex wp-container-core-columns-is-layout-25593187 wp-block-columns-is-layout-flex\">\n<div class=\"wp-block-column is-vertically-aligned-center is-layout-flow wp-container-core-column-is-layout-a1628350 wp-block-column-is-layout-flow\" style=\"padding-top:0;padding-right:0;padding-bottom:0;padding-left:0\">\n<div class=\"wp-block-group is-layout-flow wp-container-core-group-is-layout-ff697075 wp-block-group-is-layout-flow\">\n<h3 class=\"wp-block-heading has-text-align-left has-superbfont-xlarge-font-size\" style=\"line-height:1.2\">Kasvohoitolan alku<\/h3>\n\n\n\n<p class=\"has-mono-2-color has-text-color has-link-color wp-elements-f2b2ed163004d9942d456d1f4cd0e787\">Halu hemmotteluun sai alun kasvohoitolalle!<\/p>\n\n\n\n<p class=\"has-mono-2-color has-text-color has-link-color wp-elements-180de8c183d9df51b7e0d2b79024917a\">Tuhansien hoitojen kokemuksen tuoma taito, halu auttaa sinua rentoutumaan, vahva osaaminen ihonhoidossa ja aito halu my\u00f6s auttaa ihonhoidollisissa pulmissa innoittivat aloittamaan kasvohoitolan.<\/p>\n\n\n\n<p><\/p>\n\n\n\n<p class=\"has-mono-2-color has-text-color has-link-color wp-elements-50016e61ca3a133e47b16440ea0ea141\">Koe oma minilomasi taidollisessa hoidossa!<\/p>\n<\/div>\n\n\n\n<div class=\"wp-block-buttons is-layout-flex wp-container-core-buttons-is-layout-69f3c5ca wp-block-buttons-is-layout-flex\">\n<div class=\"wp-block-button is-style-outline is-style-outline--2\"><a class=\"wp-block-button__link has-superbfont-small-font-size has-custom-font-size wp-element-button\" style=\"padding-top:var(--wp--preset--spacing--superbspacing-xsmall);padding-right:var(--wp--preset--spacing--superbspacing-xsmall);padding-bottom:var(--wp--preset--spacing--superbspacing-xsmall);padding-left:var(--wp--preset--spacing--superbspacing-xsmall)\">+358414715029<\/a><\/div>\n\n\n\n<div class=\"wp-block-button\"><a class=\"wp-block-button__link has-superbfont-small-font-size has-custom-font-size wp-element-button\" href=\"https:\/\/www.kasvohoitola.fi\/index.php\/yhteystiedot\/\" style=\"padding-top:var(--wp--preset--spacing--superbspacing-xsmall);padding-right:var(--wp--preset--spacing--superbspacing-xsmall);padding-bottom:var(--wp--preset--spacing--superbspacing-xsmall);padding-left:var(--wp--preset--spacing--superbspacing-xsmall)\">Ota yhteytt\u00e4<\/a><\/div>\n<\/div>\n<\/div>\n\n\n\n<div class=\"wp-block-column is-vertically-aligned-center is-layout-flow wp-container-core-column-is-layout-40a2a7e8 wp-block-column-is-layout-flow\" style=\"padding-right:0;padding-bottom:0;padding-left:0\">\n<figure class=\"wp-block-image size-large has-custom-border\"><img loading=\"lazy\" decoding=\"async\" width=\"1024\" height=\"506\" src=\"http:\/\/www.kasvohoitola.fi\/wp-content\/uploads\/2026\/03\/kasvohoto_helsinki_kasvohoito_Kauneushoitola_helsinki_hemmotteluhoito_helsinki-1024x506.png\" alt=\"\" class=\"wp-image-435\" style=\"border-radius:0px\" srcset=\"https:\/\/www.kasvohoitola.fi\/wp-content\/uploads\/2026\/03\/kasvohoto_helsinki_kasvohoito_Kauneushoitola_helsinki_hemmotteluhoito_helsinki-1024x506.png 1024w, https:\/\/www.kasvohoitola.fi\/wp-content\/uploads\/2026\/03\/kasvohoto_helsinki_kasvohoito_Kauneushoitola_helsinki_hemmotteluhoito_helsinki-300x148.png 300w, https:\/\/www.kasvohoitola.fi\/wp-content\/uploads\/2026\/03\/kasvohoto_helsinki_kasvohoito_Kauneushoitola_helsinki_hemmotteluhoito_helsinki-768x379.png 768w, https:\/\/www.kasvohoitola.fi\/wp-content\/uploads\/2026\/03\/kasvohoto_helsinki_kasvohoito_Kauneushoitola_helsinki_hemmotteluhoito_helsinki-1320x652.png 1320w, https:\/\/www.kasvohoitola.fi\/wp-content\/uploads\/2026\/03\/kasvohoto_helsinki_kasvohoito_Kauneushoitola_helsinki_hemmotteluhoito_helsinki-600x296.png 600w, https:\/\/www.kasvohoitola.fi\/wp-content\/uploads\/2026\/03\/kasvohoto_helsinki_kasvohoito_Kauneushoitola_helsinki_hemmotteluhoito_helsinki.png 1341w\" sizes=\"auto, (max-width: 1024px) 100vw, 1024px\" \/><\/figure>\n<\/div>\n<\/div>\n<\/div>\n\n\n\n<div class=\"wp-block-group alignfull has-global-padding is-layout-constrained wp-container-core-group-is-layout-8bbd0b3b wp-block-group-is-layout-constrained\" style=\"margin-top:0;margin-bottom:0;padding-top:var(--wp--preset--spacing--superbspacing-large);padding-right:var(--wp--preset--spacing--superbspacing-small);padding-bottom:var(--wp--preset--spacing--superbspacing-large);padding-left:var(--wp--preset--spacing--superbspacing-small)\">\n<figure class=\"wp-block-image alignwide size-full\"><img loading=\"lazy\" decoding=\"async\" width=\"1030\" height=\"579\" src=\"http:\/\/www.kasvohoitola.fi\/wp-content\/uploads\/2026\/03\/KASVOH4.png\" alt=\"\" class=\"wp-image-440\" srcset=\"https:\/\/www.kasvohoitola.fi\/wp-content\/uploads\/2026\/03\/KASVOH4.png 1030w, https:\/\/www.kasvohoitola.fi\/wp-content\/uploads\/2026\/03\/KASVOH4-300x169.png 300w, https:\/\/www.kasvohoitola.fi\/wp-content\/uploads\/2026\/03\/KASVOH4-1024x576.png 1024w, https:\/\/www.kasvohoitola.fi\/wp-content\/uploads\/2026\/03\/KASVOH4-768x432.png 768w, https:\/\/www.kasvohoitola.fi\/wp-content\/uploads\/2026\/03\/KASVOH4-600x337.png 600w\" sizes=\"auto, (max-width: 1030px) 100vw, 1030px\" \/><\/figure>\n\n\n\n<div class=\"wp-block-group alignwide has-global-padding is-layout-constrained wp-container-core-group-is-layout-44bcd671 wp-block-group-is-layout-constrained\" style=\"padding-top:var(--wp--preset--spacing--superbspacing-xsmall);padding-bottom:var(--wp--preset--spacing--superbspacing-xsmall)\">\n<p class=\"has-featured-color has-text-color has-link-color has-superbfont-small-font-size wp-elements-4067b1c4760df0dcd315613c3da9e43c\">Laatu ja huolellisuus ovat ydin<\/p>\n\n\n\n<h2 class=\"wp-block-heading has-text-align-left has-superbfont-xlarge-font-size\" style=\"line-height:1.2\">R\u00e4\u00e4t\u00e4l\u00f6ity hoito takaa tuloksia<\/h2>\n<\/div>\n\n\n\n<div class=\"wp-block-columns alignwide is-layout-flex wp-container-core-columns-is-layout-25593187 wp-block-columns-is-layout-flex\">\n<div class=\"wp-block-column is-vertically-aligned-center is-layout-flow wp-container-core-column-is-layout-a1628350 wp-block-column-is-layout-flow\" style=\"padding-top:0;padding-right:0;padding-bottom:0;padding-left:0\">\n<div class=\"wp-block-group is-layout-flow wp-container-core-group-is-layout-ff697075 wp-block-group-is-layout-flow\">\n<p class=\"has-text-align-left has-mono-2-color has-text-color has-superbfont-small-font-size\">Kasvohoitolan innoittamat arvot hemmottelu, huolellisuus ja taito saivat olla kulmakivin\u00e4 alkuun. Kasvohoitolassa se kaikista n\u00e4kyvin osa tulee huomioiduksi, joka on k\u00e4yntikorttinasi jokaisena p\u00e4iv\u00e4n\u00e4si.<br><br>Jokainen meist\u00e4 on yksil\u00f6. Jokainen el\u00e4\u00e4 el\u00e4m\u00e4\u00e4ns\u00e4 yksil\u00f6llisin tarpein, tavoin ja tottumuksin. Jokainen el\u00e4m\u00e4nalue muokkaa my\u00f6s sit\u00e4 milt\u00e4 kasvomme n\u00e4ytt\u00e4v\u00e4t ja t\u00e4h\u00e4n ydinasiaan kasvohoitola paneutuu<br><br>Saat tulla ihonhoidollisten pulmien kanssa tai vain rentoutumaan. Jokainen hoito r\u00e4\u00e4t\u00e4l\u00f6id\u00e4\u00e4n tarpeisiisi sopivilla tuotteilla ja menetelmill\u00e4.<br><br>Kasvohoitolassa saat kokea kuinka hetken hemmottelulla saat voimavaroja arkeen ja p\u00e4\u00e4set lep\u00e4\u00e4m\u00e4\u00e4n kesken rutiinien.<\/p>\n<\/div>\n<\/div>\n\n\n\n<div class=\"wp-block-column is-vertically-aligned-center is-layout-flow wp-container-core-column-is-layout-40a2a7e8 wp-block-column-is-layout-flow\" style=\"padding-right:0;padding-bottom:0;padding-left:0\">\n<p class=\"has-text-align-left has-mono-2-color has-text-color has-superbfont-small-font-size\">Koskaan ei ole liian my\u00f6h\u00e4ist\u00e4 aloittaa hoitamaan itse\u00e4ns\u00e4. Koskaan ei ole liian my\u00f6h\u00e4ist\u00e4 oppia. Koskaan ei ole hukkaan heitetty\u00e4 hetke\u00e4 kun laittaa istens\u00e4 v\u00e4lill\u00e4 etusijalle ja jaksaa taas huolehtia muista paremmin.<br><br>Jokaisessa kasvohoidossa hoidetaan kasvot, kaula, silm\u00e4nymp\u00e4rykset, huulet sek\u00e4 decollete-alue. Kasvohoidot ovat hoitokokonaisuuksia ja jokainen hoito sis\u00e4lt\u00e4\u00e4 hierontaa.<br><br>Luonnontuotteet tekev\u00e4t ihmeit\u00e4 ihollesi. Luonnonkosmetiikka reagoi v\u00e4hiten ja siksi takaa hoidon hell\u00e4varaisuuden. Turhat kemikaalit, v\u00e4riaineet ja monet s\u00e4il\u00f6nt\u00e4aineet aiheuttavat ep\u00e4toivottuja reaktioita ja saa aikaan iholla punoitusta tai jopa allergista ihottumaa. Kaikki tuotteet on tarkkaan valittu hoitoihin tai kotiin saataviin tuotteisiin.<br><br>L\u00e4mpim\u00e4sti tervetuloa ikimuistoisen ihanaan hoitoosi, jossa muu maailma unohtuu!<\/p>\n<\/div>\n<\/div>\n<\/div>\n\n\n\n<div class=\"wp-block-group alignfull has-global-padding is-layout-constrained wp-container-core-group-is-layout-4aa643fe wp-block-group-is-layout-constrained\" style=\"margin-top:0;margin-bottom:0;padding-top:var(--wp--preset--spacing--superbspacing-large);padding-right:var(--wp--preset--spacing--superbspacing-small);padding-bottom:var(--wp--preset--spacing--superbspacing-large);padding-left:var(--wp--preset--spacing--superbspacing-small)\">\n<div class=\"wp-block-cover alignwide\" style=\"border-radius:0px\"><img loading=\"lazy\" decoding=\"async\" width=\"1024\" height=\"898\" class=\"wp-block-cover__image-background wp-image-325 size-large\" alt=\"\" src=\"http:\/\/www.kasvohoitola.fi\/wp-content\/uploads\/2026\/02\/lp7-sonoran-feature2-1024x898.jpg\" data-object-fit=\"cover\" srcset=\"https:\/\/www.kasvohoitola.fi\/wp-content\/uploads\/2026\/02\/lp7-sonoran-feature2-1024x898.jpg 1024w, https:\/\/www.kasvohoitola.fi\/wp-content\/uploads\/2026\/02\/lp7-sonoran-feature2-300x263.jpg 300w, https:\/\/www.kasvohoitola.fi\/wp-content\/uploads\/2026\/02\/lp7-sonoran-feature2-768x674.jpg 768w, https:\/\/www.kasvohoitola.fi\/wp-content\/uploads\/2026\/02\/lp7-sonoran-feature2-600x526.jpg 600w, https:\/\/www.kasvohoitola.fi\/wp-content\/uploads\/2026\/02\/lp7-sonoran-feature2.jpg 1140w\" sizes=\"auto, (max-width: 1024px) 100vw, 1024px\" \/><span aria-hidden=\"true\" class=\"wp-block-cover__background has-contrast-dark-background-color has-background-dim-40 has-background-dim\"><\/span><div class=\"wp-block-cover__inner-container is-layout-flow wp-block-cover-is-layout-flow\">\n<div class=\"wp-block-group alignwide is-vertical is-content-justification-center is-layout-flex wp-container-core-group-is-layout-bd439ebe wp-block-group-is-layout-flex\" style=\"border-radius:20px;padding-top:var(--wp--preset--spacing--superbspacing-xxlarge);padding-right:var(--wp--preset--spacing--superbspacing-xsmall);padding-bottom:var(--wp--preset--spacing--superbspacing-xxlarge);padding-left:var(--wp--preset--spacing--superbspacing-xsmall)\">\n<div class=\"wp-block-group has-global-padding is-layout-constrained wp-container-core-group-is-layout-85cc789f wp-block-group-is-layout-constrained\">\n<p class=\"has-text-align-center has-base-color has-text-color has-link-color wp-elements-359c532a69b36e62447d864d09d09eda\" style=\"font-size:clamp(15.747px, 0.984rem + ((1vw - 3.2px) * 0.938), 24px);\">Aikaa itsellesi<\/p>\n\n\n\n<h1 class=\"wp-block-heading has-text-align-center has-base-color has-text-color has-link-color has-superbfont-xxlarge-font-size wp-elements-647d9dd5e264a2d137db06c9cdab9e76\">Varaa aikasi jo nyt!<\/h1>\n\n\n\n<div class=\"wp-block-group has-global-padding is-layout-constrained wp-container-core-group-is-layout-41c06ba8 wp-block-group-is-layout-constrained\">\n<p class=\"has-text-align-center has-contrast-light-color has-text-color has-superbfont-medium-font-size\">\u00c4l\u00e4 mieti vaan anna itsellesi lahja ihanaan hetkeen hetken hemmottelussa. Se on jokaisen euron arvoista&lt;3<\/p>\n<\/div>\n<\/div>\n\n\n\n<div class=\"wp-block-buttons wp-container-content-9cfa9a5a is-content-justification-center is-layout-flex wp-container-core-buttons-is-layout-9b2276be wp-block-buttons-is-layout-flex\">\n<div class=\"wp-block-button is-style-outline is-style-outline--3\"><a class=\"wp-block-button__link has-contrast-light-color has-text-color has-link-color has-border-color has-contrast-light-border-color has-superbfont-small-font-size has-custom-font-size wp-element-button\" style=\"border-width:1px\">+358414715029<\/a><\/div>\n\n\n\n<div class=\"wp-block-button is-style-outline is-style-outline--4\"><a class=\"wp-block-button__link has-contrast-dark-color has-contrast-light-background-color has-text-color has-background has-link-color has-superbfont-small-font-size has-custom-font-size wp-element-button\" href=\"https:\/\/www.kasvohoitola.fi\/index.php\/varaa-aika\/\">Varaa aika<\/a><\/div>\n<\/div>\n<\/div>\n<\/div><\/div>\n<\/div>\n","protected":false},"excerpt":{"rendered":"<p>Kasvohoitolan alku Halu hemmotteluun sai alun kasvohoitolalle! Tuhansien hoitojen kokemuksen tuoma taito, halu auttaa sinua rentoutumaan, vahva osaaminen ihonhoidossa ja aito halu my\u00f6s auttaa ihonhoidollisissa pulmissa innoittivat aloittamaan kasvohoitolan. Koe oma minilomasi taidollisessa hoidossa! Laatu ja huolellisuus ovat ydin R\u00e4\u00e4t\u00e4l\u00f6ity hoito takaa tuloksia Kasvohoitolan innoittamat arvot hemmottelu, huolellisuus ja taito saivat olla kulmakivin\u00e4 alkuun. Kasvohoitolassa [&hellip;]<\/p>\n","protected":false},"author":1,"featured_media":0,"parent":0,"menu_order":0,"comment_status":"closed","ping_status":"closed","template":"superbaddons-page-template","meta":{"advanced_seo_description":"","jetpack_seo_html_title":"","jetpack_seo_noindex":false,"footnotes":""},"class_list":["post-343","page","type-page","status-publish","hentry"],"jetpack_sharing_enabled":true,"_links":{"self":[{"href":"https:\/\/www.kasvohoitola.fi\/index.php\/wp-json\/wp\/v2\/pages\/343","targetHints":{"allow":["GET"]}}],"collection":[{"href":"https:\/\/www.kasvohoitola.fi\/index.php\/wp-json\/wp\/v2\/pages"}],"about":[{"href":"https:\/\/www.kasvohoitola.fi\/index.php\/wp-json\/wp\/v2\/types\/page"}],"author":[{"embeddable":true,"href":"https:\/\/www.kasvohoitola.fi\/index.php\/wp-json\/wp\/v2\/users\/1"}],"replies":[{"embeddable":true,"href":"https:\/\/www.kasvohoitola.fi\/index.php\/wp-json\/wp\/v2\/comments?post=343"}],"version-history":[{"count":16,"href":"https:\/\/www.kasvohoitola.fi\/index.php\/wp-json\/wp\/v2\/pages\/343\/revisions"}],"predecessor-version":[{"id":462,"href":"https:\/\/www.kasvohoitola.fi\/index.php\/wp-json\/wp\/v2\/pages\/343\/revisions\/462"}],"wp:attachment":[{"href":"https:\/\/www.kasvohoitola.fi\/index.php\/wp-json\/wp\/v2\/media?parent=343"}],"curies":[{"name":"wp","href":"https:\/\/api.w.org\/{rel}","templated":true}]}}