{"id":92,"date":"2025-09-08T17:41:05","date_gmt":"2025-09-08T17:41:05","guid":{"rendered":"https:\/\/www.kasvohoitola.fi\/?page_id=92"},"modified":"2026-03-10T09:47:53","modified_gmt":"2026-03-10T09:47:53","slug":"yhteystiedot","status":"publish","type":"page","link":"https:\/\/www.kasvohoitola.fi\/index.php\/yhteystiedot\/","title":{"rendered":"Yhteystiedot"},"content":{"rendered":"\n<p>Voit ottaa yhteytt\u00e4 ensisijaisesti viestill\u00e4 0414715029 tai yhteydenottolomakkeella.<\/p>\n\n\n\n<p>Kaikki hoidot rauhoitetaan ja puhelin on \u00e4\u00e4nett\u00f6m\u00e4ll\u00e4. Soitan takaisin jos hoito on juuri kesken, kun yrititte soittaa.<\/p>\n\n\n<div class=\"wp-block-jetpack-contact-form is-layout-flex wp-container-jetpack-contact-form-is-layout-2b4208ba wp-block-jetpack-contact-form-is-layout-flex\"><a href=\"https:\/\/www.kasvohoitola.fi\/index.php\/yhteystiedot\/\" target=\"_blank\" rel=\"noopener noreferrer\">Submit a form.<\/a><\/div>\n\n\n<div class=\"wp-block-group is-nowrap is-layout-flex wp-container-core-group-is-layout-6c531013 wp-block-group-is-layout-flex\">\n<figure class=\"wp-block-gallery has-nested-images columns-default is-cropped wp-block-gallery-1 is-layout-flex wp-block-gallery-is-layout-flex\">\n<figure class=\"wp-block-image size-large\"><img loading=\"lazy\" decoding=\"async\" width=\"609\" height=\"387\" data-id=\"122\" src=\"https:\/\/www.kasvohoitola.fi\/wp-content\/uploads\/2025\/09\/Kasvohoito_Helsinki_Kauneushoitola_Helsinki_Kasvohoito_Espoo_Kauneushoitola_Espoo_Savelantie_kartta.png\" alt=\"\" class=\"wp-image-122\" srcset=\"https:\/\/www.kasvohoitola.fi\/wp-content\/uploads\/2025\/09\/Kasvohoito_Helsinki_Kauneushoitola_Helsinki_Kasvohoito_Espoo_Kauneushoitola_Espoo_Savelantie_kartta.png 609w, https:\/\/www.kasvohoitola.fi\/wp-content\/uploads\/2025\/09\/Kasvohoito_Helsinki_Kauneushoitola_Helsinki_Kasvohoito_Espoo_Kauneushoitola_Espoo_Savelantie_kartta-300x191.png 300w, https:\/\/www.kasvohoitola.fi\/wp-content\/uploads\/2025\/09\/Kasvohoito_Helsinki_Kauneushoitola_Helsinki_Kasvohoito_Espoo_Kauneushoitola_Espoo_Savelantie_kartta-600x381.png 600w\" sizes=\"auto, (max-width: 609px) 100vw, 609px\" \/><\/figure>\n<\/figure>\n\n\n\n<figure class=\"wp-block-gallery has-nested-images columns-default is-cropped wp-block-gallery-2 is-layout-flex wp-block-gallery-is-layout-flex\"><\/figure>\n<\/div>\n\n\n\n<p>Savelantie 6 A 1, Helsinki <\/p>\n\n\n\n<p><\/p>\n\n\n\n<p>Hoitola sijaitsee Viikin vehre\u00e4n jokivarsialueen kupeessa. <\/p>\n\n\n\n<p><\/p>\n\n\n\n<p><\/p>\n\n\n\n<p>Julkisilla p\u00e4\u00e4see k\u00e4tev\u00e4sti tulemaan.<\/p>\n\n\n\n<p>Juna-asema on ihan vieress\u00e4 ja asemalta k\u00e4velee muutamassa minuutissa.<\/p>\n\n\n\n<p> Junat Pasilasta kest\u00e4\u00e4 6min. I ja K-junat sek\u00e4 bussi 71 tulevat viereen.<\/p>\n\n\n\n<p><\/p>\n\n\n\n<p><\/p>\n\n\n\n<p>Autolle on tilaa kadulla 4h parkilla sek\u00e4 l\u00e4helt\u00e4 l\u00f6ytyy my\u00f6s 12h parkkialue jos kadun vierustat ovat t\u00e4ynn\u00e4.<\/p>\n\n\n\n<p><\/p>\n\n\n\n<p>Kes\u00e4ll\u00e4 py\u00f6r\u00e4ll\u00e4 p\u00e4\u00e4see Vanhan kaupungin l\u00e4pi joen vartta pitkin k\u00e4tev\u00e4sti keskustan suunnasta.<\/p>\n\n\n\n<p><\/p>\n","protected":false},"excerpt":{"rendered":"<p>Voit ottaa yhteytt\u00e4 ensisijaisesti viestill\u00e4 0414715029 tai yhteydenottolomakkeella. Kaikki hoidot rauhoitetaan ja puhelin on \u00e4\u00e4nett\u00f6m\u00e4ll\u00e4. Soitan takaisin jos hoito on juuri kesken, kun yrititte soittaa. Savelantie 6 A 1, Helsinki Hoitola sijaitsee Viikin vehre\u00e4n jokivarsialueen kupeessa. Julkisilla p\u00e4\u00e4see k\u00e4tev\u00e4sti tulemaan. Juna-asema on ihan vieress\u00e4 ja asemalta k\u00e4velee muutamassa minuutissa. Junat Pasilasta kest\u00e4\u00e4 6min. I ja [&hellip;]<\/p>\n","protected":false},"author":1,"featured_media":0,"parent":0,"menu_order":0,"comment_status":"closed","ping_status":"closed","template":"","meta":{"advanced_seo_description":"","jetpack_seo_html_title":"","jetpack_seo_noindex":false,"footnotes":""},"class_list":["post-92","page","type-page","status-publish","hentry"],"jetpack_sharing_enabled":true,"_links":{"self":[{"href":"https:\/\/www.kasvohoitola.fi\/index.php\/wp-json\/wp\/v2\/pages\/92","targetHints":{"allow":["GET"]}}],"collection":[{"href":"https:\/\/www.kasvohoitola.fi\/index.php\/wp-json\/wp\/v2\/pages"}],"about":[{"href":"https:\/\/www.kasvohoitola.fi\/index.php\/wp-json\/wp\/v2\/types\/page"}],"author":[{"embeddable":true,"href":"https:\/\/www.kasvohoitola.fi\/index.php\/wp-json\/wp\/v2\/users\/1"}],"replies":[{"embeddable":true,"href":"https:\/\/www.kasvohoitola.fi\/index.php\/wp-json\/wp\/v2\/comments?post=92"}],"version-history":[{"count":9,"href":"https:\/\/www.kasvohoitola.fi\/index.php\/wp-json\/wp\/v2\/pages\/92\/revisions"}],"predecessor-version":[{"id":405,"href":"https:\/\/www.kasvohoitola.fi\/index.php\/wp-json\/wp\/v2\/pages\/92\/revisions\/405"}],"wp:attachment":[{"href":"https:\/\/www.kasvohoitola.fi\/index.php\/wp-json\/wp\/v2\/media?parent=92"}],"curies":[{"name":"wp","href":"https:\/\/api.w.org\/{rel}","templated":true}]}}